{"id":130,"date":"2014-12-10T10:43:54","date_gmt":"2014-12-10T10:43:54","guid":{"rendered":"http:\/\/pixelgrade.com\/demos\/mies\/?page_id=130"},"modified":"2016-05-02T07:15:35","modified_gmt":"2016-05-02T07:15:35","slug":"profile","status":"publish","type":"page","link":"https:\/\/luiscmartinsarquiteto.com\/?page_id=130","title":{"rendered":"Perfil"},"content":{"rendered":"<h3 style=\"text-align: center;\">F\u00e1bula de um arquiteto<\/h3>\n<div class=\"twocolumn\">\n<p>A arquitetura como construir portas, de abrir; ou como construir o aberto; construir, n\u00e3o como ilhar e prender, nem construir como fechar secretos; construir portas abertas, em portas; casas exclusivamente portas e tecto.<br \/>\nO arquiteto: o que abre para o homem (tudo se sanearia desde casas abertas) portas por-onde, jamais portas-contra; por onde, livres: ar luz raz\u00e3o certa. At\u00e9 que, tantos livres o amedontrando, renegou dar a viver no claro e aberto.<br \/>\nOnde v\u00e3os de abrir, ele foi amurando opacos de fechar; onde vidro, concreto; at\u00e9 refechar o homem: na capela \u00fatero, com confortos de matriz, outra vez feto.<br \/>\n<em>Jo\u00e3o Cabral de Melo Neto, em \u201c A educa\u00e7\u00e3o pela pedra \u201c<\/em><\/p>\n<\/div>\n","protected":false},"excerpt":{"rendered":"<p>F\u00e1bula de um arquiteto A arquitetura como construir portas, de abrir; ou como construir o aberto; construir, n\u00e3o como ilhar e prender, nem construir como fechar secretos; construir portas abertas, em portas; casas exclusivamente portas e tecto. O arquiteto: o que abre para o homem (tudo se sanearia desde casas abertas) portas por-onde, jamais portas-contra;..<\/p>\n","protected":false},"author":1,"featured_media":0,"parent":0,"menu_order":0,"comment_status":"closed","ping_status":"closed","template":"","meta":[],"_links":{"self":[{"href":"https:\/\/luiscmartinsarquiteto.com\/index.php?rest_route=\/wp\/v2\/pages\/130"}],"collection":[{"href":"https:\/\/luiscmartinsarquiteto.com\/index.php?rest_route=\/wp\/v2\/pages"}],"about":[{"href":"https:\/\/luiscmartinsarquiteto.com\/index.php?rest_route=\/wp\/v2\/types\/page"}],"author":[{"embeddable":true,"href":"https:\/\/luiscmartinsarquiteto.com\/index.php?rest_route=\/wp\/v2\/users\/1"}],"replies":[{"embeddable":true,"href":"https:\/\/luiscmartinsarquiteto.com\/index.php?rest_route=%2Fwp%2Fv2%2Fcomments&post=130"}],"version-history":[{"count":11,"href":"https:\/\/luiscmartinsarquiteto.com\/index.php?rest_route=\/wp\/v2\/pages\/130\/revisions"}],"predecessor-version":[{"id":587,"href":"https:\/\/luiscmartinsarquiteto.com\/index.php?rest_route=\/wp\/v2\/pages\/130\/revisions\/587"}],"wp:attachment":[{"href":"https:\/\/luiscmartinsarquiteto.com\/index.php?rest_route=%2Fwp%2Fv2%2Fmedia&parent=130"}],"curies":[{"name":"wp","href":"https:\/\/api.w.org\/{rel}","templated":true}]}}