{"id":118,"date":"2014-12-10T10:12:29","date_gmt":"2014-12-10T10:12:29","guid":{"rendered":"http:\/\/pixelgrade.com\/demos\/mies\/?page_id=118"},"modified":"2023-06-27T10:59:16","modified_gmt":"2023-06-27T10:59:16","slug":"home","status":"publish","type":"page","link":"https:\/\/luiscmartinsarquiteto.com\/","title":{"rendered":"Home"},"content":{"rendered":"<p class=\"intro narrow not-big\" style=\"text-align: center;\">Perfei\u00e7\u00e3o em detalhes, longa experi\u00eancia, e uma equipe competente s\u00e3o base essencial para um projeto bem sucedido.<\/p>\n","protected":false},"excerpt":{"rendered":"<p>Perfei\u00e7\u00e3o em detalhes, longa experi\u00eancia, e uma equipe competente s\u00e3o base essencial para um projeto bem sucedido.<\/p>\n","protected":false},"author":1,"featured_media":0,"parent":0,"menu_order":0,"comment_status":"closed","ping_status":"closed","template":"","meta":[],"_links":{"self":[{"href":"https:\/\/luiscmartinsarquiteto.com\/index.php?rest_route=\/wp\/v2\/pages\/118"}],"collection":[{"href":"https:\/\/luiscmartinsarquiteto.com\/index.php?rest_route=\/wp\/v2\/pages"}],"about":[{"href":"https:\/\/luiscmartinsarquiteto.com\/index.php?rest_route=\/wp\/v2\/types\/page"}],"author":[{"embeddable":true,"href":"https:\/\/luiscmartinsarquiteto.com\/index.php?rest_route=\/wp\/v2\/users\/1"}],"replies":[{"embeddable":true,"href":"https:\/\/luiscmartinsarquiteto.com\/index.php?rest_route=%2Fwp%2Fv2%2Fcomments&post=118"}],"version-history":[{"count":6,"href":"https:\/\/luiscmartinsarquiteto.com\/index.php?rest_route=\/wp\/v2\/pages\/118\/revisions"}],"predecessor-version":[{"id":404,"href":"https:\/\/luiscmartinsarquiteto.com\/index.php?rest_route=\/wp\/v2\/pages\/118\/revisions\/404"}],"wp:attachment":[{"href":"https:\/\/luiscmartinsarquiteto.com\/index.php?rest_route=%2Fwp%2Fv2%2Fmedia&parent=118"}],"curies":[{"name":"wp","href":"https:\/\/api.w.org\/{rel}","templated":true}]}}